{"id":1223,"date":"2025-05-15T11:23:01","date_gmt":"2025-05-15T09:23:01","guid":{"rendered":"https:\/\/apelmunich.org\/?page_id=1223"},"modified":"2025-05-15T13:27:07","modified_gmt":"2025-05-15T11:27:07","slug":"libraire-lde-attente","status":"publish","type":"page","link":"https:\/\/apelmunich.org\/?page_id=1223","title":{"rendered":"Libraire LDE"},"content":{"rendered":"<div class=\"wp-block-image\">\n<figure class=\"aligncenter size-full\"><img fetchpriority=\"high\" decoding=\"async\" width=\"507\" height=\"508\" src=\"https:\/\/apelmunich.org\/wp-content\/uploads\/2025\/05\/Attente-4-2-1.jpg\" alt=\"\" class=\"wp-image-1253\" srcset=\"https:\/\/apelmunich.org\/wp-content\/uploads\/2025\/05\/Attente-4-2-1.jpg 507w, https:\/\/apelmunich.org\/wp-content\/uploads\/2025\/05\/Attente-4-2-1-300x300.jpg 300w, https:\/\/apelmunich.org\/wp-content\/uploads\/2025\/05\/Attente-4-2-1-150x150.jpg 150w\" sizes=\"(max-width: 507px) 100vw, 507px\" \/><\/figure><\/div>\n\n\n<div style=\"height:62px\" aria-hidden=\"true\" class=\"wp-block-spacer\"><\/div>\n\n\n<p>Notre partenariat avec la LDE nous permet d&#8217;avoir un site de commande avec nos listes de manuels et de faire une commande group\u00e9e en limitant les frais de port.<br \/>Le site sera pr\u00eat \u00e0 la mi-juin, les informations sur son fonctionnement vous seront fournies \u00e0 ce moment-l\u00e0<\/p>\n\n\n<p><\/p>\n","protected":false},"excerpt":{"rendered":"<p>Notre partenariat avec la LDE nous permet d&#8217;avoir un site de commande avec nos listes de manuels et de faire une commande group\u00e9e en limitant les frais de port.Le site sera pr\u00eat \u00e0 la mi-juin, les informations sur son fonctionnement vous seront fournies \u00e0 ce moment-l\u00e0<\/p>\n","protected":false},"author":2,"featured_media":0,"parent":0,"menu_order":0,"comment_status":"closed","ping_status":"closed","template":"","meta":{"footnotes":""},"class_list":["post-1223","page","type-page","status-publish","hentry"],"_links":{"self":[{"href":"https:\/\/apelmunich.org\/index.php?rest_route=\/wp\/v2\/pages\/1223","targetHints":{"allow":["GET"]}}],"collection":[{"href":"https:\/\/apelmunich.org\/index.php?rest_route=\/wp\/v2\/pages"}],"about":[{"href":"https:\/\/apelmunich.org\/index.php?rest_route=\/wp\/v2\/types\/page"}],"author":[{"embeddable":true,"href":"https:\/\/apelmunich.org\/index.php?rest_route=\/wp\/v2\/users\/2"}],"replies":[{"embeddable":true,"href":"https:\/\/apelmunich.org\/index.php?rest_route=%2Fwp%2Fv2%2Fcomments&post=1223"}],"version-history":[{"count":15,"href":"https:\/\/apelmunich.org\/index.php?rest_route=\/wp\/v2\/pages\/1223\/revisions"}],"predecessor-version":[{"id":1256,"href":"https:\/\/apelmunich.org\/index.php?rest_route=\/wp\/v2\/pages\/1223\/revisions\/1256"}],"wp:attachment":[{"href":"https:\/\/apelmunich.org\/index.php?rest_route=%2Fwp%2Fv2%2Fmedia&parent=1223"}],"curies":[{"name":"wp","href":"https:\/\/api.w.org\/{rel}","templated":true}]}}