{"id":183,"date":"2025-05-02T14:51:25","date_gmt":"2025-05-02T12:51:25","guid":{"rendered":"https:\/\/apelmunich.org\/?page_id=183"},"modified":"2026-01-28T00:43:48","modified_gmt":"2026-01-27T22:43:48","slug":"adherer-a-lapelm","status":"publish","type":"page","link":"https:\/\/apelmunich.org\/?page_id=183","title":{"rendered":"Adh\u00e9rez <br>\u00e0 l\u00b4APELM<\/br>"},"content":{"rendered":"\n<div style=\"height:15px\" aria-hidden=\"true\" class=\"wp-block-spacer\"><\/div>\n\n\n\n<div class=\"wp-block-media-text is-stacked-on-mobile\" style=\"grid-template-columns:32% auto\"><figure class=\"wp-block-media-text__media\"><img fetchpriority=\"high\" decoding=\"async\" width=\"512\" height=\"512\" src=\"https:\/\/apelmunich.org\/wp-content\/uploads\/2025\/05\/Inscription-2.png\" alt=\"\" class=\"wp-image-1318 size-full\" srcset=\"https:\/\/apelmunich.org\/wp-content\/uploads\/2025\/05\/Inscription-2.png 512w, https:\/\/apelmunich.org\/wp-content\/uploads\/2025\/05\/Inscription-2-300x300.png 300w, https:\/\/apelmunich.org\/wp-content\/uploads\/2025\/05\/Inscription-2-150x150.png 150w\" sizes=\"(max-width: 512px) 100vw, 512px\" \/><\/figure><div class=\"wp-block-media-text__content\">\n<p><\/p>\n\n\n\n<h3 class=\"wp-block-heading\">Vous souhaitez soutenir nos actions au sein du Lyc\u00e9e Jean Renoir en adh\u00e9rant \u00e0 l&#8217;APELM !<\/h3>\n\n\n\n<p>Pour l&#8217;ann\u00e9e scolaire 2025-2026, le montant des cotisations s&#8217;\u00e9l\u00e8ve \u00e0&nbsp;<strong>15\u20ac<\/strong>&nbsp;(une adh\u00e9sion par famille et par ann\u00e9e scolaire, non renouvelable automatiquement). Contactez-nous par mail si vous avez des difficult\u00e9s financi\u00e8res mais souhaitez n\u00e9anmoins \u00eatre adh\u00e9rent!<\/p>\n<\/div><\/div>\n\n\n\n<p><\/p>\n\n\n\n<ul class=\"wp-block-list\">\n<li class=\"has-black-color has-text-color has-link-color wp-elements-00dd08b5a32dc4971fcd5a494be9b46c\"><strong><u>Pour adh\u00e9rer:<\/u><\/strong><\/li>\n<\/ul>\n\n\n\n<p class=\"has-black-color has-text-color has-link-color wp-elements-eda1465563fb5db8774906c3faebea09\">Merci de bien vouloir remplir le formulaire ci-dessous&nbsp;<strong><u>et<\/u><\/strong>&nbsp;d&#8217;effectuer votre virement sur notre compte.&nbsp;<\/p>\n\n\n\n<ul class=\"wp-block-list\">\n<li class=\"has-black-color has-text-color has-link-color wp-elements-9bccb86d3e4bbd4d958febc21f4213ee\"><strong><u>Pour&nbsp;<em>r\u00e9<\/em>-adh\u00e9rer:<\/u><\/strong><\/li>\n<\/ul>\n\n\n\n<p class=\"has-black-color has-text-color has-link-color wp-elements-fd92d3578ca7132087ddb95a90cc481f\">Remplissez le formulaire ci-dessous en indiquant RE-ADHESION dans le champ message et effectuez votre virement sur notre compte.<\/p>\n\n\n\n<hr class=\"wp-block-separator has-alpha-channel-opacity\"\/>\n\n\n\n<p class=\"has-black-color has-text-color has-link-color wp-elements-8f4ec819099fa3e01d927962f8dbc4d6\"><strong>Sparda Bank Munich<\/strong><\/p>\n\n\n\n<p class=\"has-black-color has-text-color has-link-color wp-elements-ac6bf539ea8a67cac4b45cfabdb9b683\"><strong>IBAN : DE80 7009 0500 0004 4791 30<\/strong><\/p>\n\n\n\n<p class=\"has-black-color has-text-color has-link-color wp-elements-b7e2859666f6f6219ee2cc676e45dc81\"><strong>BIC : GENODEF1S04<\/strong><\/p>\n\n\n\n<p class=\"has-black-color has-text-color has-link-color wp-elements-32618ad468a819674dbff35f3aaa405f\"><strong><u>Verwendungszweck<\/u>:<\/strong>&nbsp;&nbsp;<strong>Cotisation 2025-26, votre NOM, et&nbsp;<u>celui de vos enfants s&#8217;il diff\u00e8re<\/u><\/strong><\/p>\n\n\n\n<hr class=\"wp-block-separator has-alpha-channel-opacity\"\/>\n\n\n<style id=\"wpforms-css-vars-180-block-00dc21b0-04a7-4e80-abc2-9f1143101d28\">\n\t\t\t\t#wpforms-180.wpforms-block-00dc21b0-04a7-4e80-abc2-9f1143101d28 {\n\t\t\t\t--wpforms-field-size-input-height: 43px;\n--wpforms-field-size-input-spacing: 15px;\n--wpforms-field-size-font-size: 16px;\n--wpforms-field-size-line-height: 19px;\n--wpforms-field-size-padding-h: 14px;\n--wpforms-field-size-checkbox-size: 16px;\n--wpforms-field-size-sublabel-spacing: 5px;\n--wpforms-field-size-icon-size: 1;\n--wpforms-label-size-font-size: 16px;\n--wpforms-label-size-line-height: 19px;\n--wpforms-label-size-sublabel-font-size: 14px;\n--wpforms-label-size-sublabel-line-height: 17px;\n--wpforms-button-size-font-size: 17px;\n--wpforms-button-size-height: 41px;\n--wpforms-button-size-padding-h: 15px;\n--wpforms-button-size-margin-top: 10px;\n\t\t\t}\n\t\t\t<\/style><div class=\"wpforms-container wpforms-container-full wpforms-block wpforms-block-00dc21b0-04a7-4e80-abc2-9f1143101d28 wpforms-render-modern\" id=\"wpforms-180\"><form id=\"wpforms-form-180\" class=\"wpforms-validate wpforms-form wpforms-ajax-form\" data-formid=\"180\" method=\"post\" enctype=\"multipart\/form-data\" action=\"\/index.php?rest_route=%2Fwp%2Fv2%2Fpages%2F183\" data-token=\"5b94742d5dff145e5140ab4e35798b67\" data-token-time=\"1777339799\"><noscript class=\"wpforms-error-noscript\">Veuillez activer JavaScript dans votre navigateur pour remplir ce formulaire.<\/noscript><div id=\"wpforms-error-noscript\" style=\"display: none;\">Veuillez activer JavaScript dans votre navigateur pour remplir ce formulaire.<\/div><div class=\"wpforms-field-container\"><div id=\"wpforms-180-field_1-container\" class=\"wpforms-field wpforms-field-name\" data-field-id=\"1\"><fieldset><legend class=\"wpforms-field-label\">Nom <span class=\"wpforms-required-label\" aria-hidden=\"true\">*<\/span><\/legend><div class=\"wpforms-field-row wpforms-field-medium\"><div class=\"wpforms-field-row-block wpforms-first wpforms-one-half\"><input type=\"text\" id=\"wpforms-180-field_1\" class=\"wpforms-field-name-first wpforms-field-required\" name=\"wpforms[fields][1][first]\" aria-errormessage=\"wpforms-180-field_1-error\" required><label for=\"wpforms-180-field_1\" class=\"wpforms-field-sublabel after\">Pr\u00e9nom<\/label><\/div><div class=\"wpforms-field-row-block wpforms-one-half\"><input type=\"text\" id=\"wpforms-180-field_1-last\" class=\"wpforms-field-name-last wpforms-field-required\" name=\"wpforms[fields][1][last]\" aria-errormessage=\"wpforms-180-field_1-last-error\" required><label for=\"wpforms-180-field_1-last\" class=\"wpforms-field-sublabel after\">Nom<\/label><\/div><\/div><\/fieldset><\/div><div id=\"wpforms-180-field_2-container\" class=\"wpforms-field wpforms-field-email\" data-field-id=\"2\"><label class=\"wpforms-field-label\" for=\"wpforms-180-field_2\">E-mail <span class=\"wpforms-required-label\" aria-hidden=\"true\">*<\/span><\/label><input type=\"email\" id=\"wpforms-180-field_2\" class=\"wpforms-field-medium wpforms-field-required\" name=\"wpforms[fields][2]\" spellcheck=\"false\" aria-errormessage=\"wpforms-180-field_2-error\" required><\/div><div id=\"wpforms-180-field_4-container\" class=\"wpforms-field wpforms-field-text\" data-field-id=\"4\"><label class=\"wpforms-field-label\" for=\"wpforms-180-field_4\">Nom de votre enfant et sa classe <span class=\"wpforms-required-label\" aria-hidden=\"true\">*<\/span><\/label><input type=\"text\" id=\"wpforms-180-field_4\" class=\"wpforms-field-medium wpforms-field-required\" name=\"wpforms[fields][4]\" aria-errormessage=\"wpforms-180-field_4-error\" required><\/div>\t\t<div id=\"wpforms-180-field_9-container\"\n\t\t\tclass=\"wpforms-field wpforms-field-text\"\n\t\t\tdata-field-type=\"text\"\n\t\t\tdata-field-id=\"9\"\n\t\t\t>\n\t\t\t<label class=\"wpforms-field-label\" for=\"wpforms-180-field_9\" >sa classe \u00e0<\/label>\n\t\t\t<input type=\"text\" id=\"wpforms-180-field_9\" class=\"wpforms-field-medium\" name=\"wpforms[fields][9]\" >\n\t\t<\/div>\n\t\t<div id=\"wpforms-180-field_5-container\" class=\"wpforms-field wpforms-field-text\" data-field-id=\"5\"><label class=\"wpforms-field-label\" for=\"wpforms-180-field_5\">Nom de votre enfant et sa classe<\/label><input type=\"text\" id=\"wpforms-180-field_5\" class=\"wpforms-field-medium\" name=\"wpforms[fields][5]\" aria-errormessage=\"wpforms-180-field_5-error\" ><\/div><div id=\"wpforms-180-field_6-container\" class=\"wpforms-field wpforms-field-text\" data-field-id=\"6\"><label class=\"wpforms-field-label\" for=\"wpforms-180-field_6\">Nom de votre enfant et sa classe<\/label><input type=\"text\" id=\"wpforms-180-field_6\" class=\"wpforms-field-medium\" name=\"wpforms[fields][6]\" aria-errormessage=\"wpforms-180-field_6-error\" ><\/div><div id=\"wpforms-180-field_7-container\" class=\"wpforms-field wpforms-field-text\" data-field-id=\"7\"><label class=\"wpforms-field-label\" for=\"wpforms-180-field_7\">Nom de votre enfant et sa classe<\/label><input type=\"text\" id=\"wpforms-180-field_7\" class=\"wpforms-field-medium\" name=\"wpforms[fields][7]\" aria-errormessage=\"wpforms-180-field_7-error\" ><\/div><div id=\"wpforms-180-field_8-container\" class=\"wpforms-field wpforms-field-checkbox\" data-field-id=\"8\"><fieldset><legend class=\"wpforms-field-label\">Cases \u00e0 cocher <span class=\"wpforms-required-label\" aria-hidden=\"true\">*<\/span><\/legend><ul id=\"wpforms-180-field_8\" class=\"wpforms-field-required\"><li class=\"choice-1 depth-1\"><input type=\"checkbox\" id=\"wpforms-180-field_8_1\" name=\"wpforms[fields][8][]\" value=\"Je souhaite adh\u00e9rer \u00e0 l&#039;APELM et m&#039;engage \u00e0 verser ma cotisation sur le compte indiqu\u00e9 ci-dessus.\" aria-errormessage=\"wpforms-180-field_8_1-error\" required ><label class=\"wpforms-field-label-inline\" for=\"wpforms-180-field_8_1\">Je souhaite adh\u00e9rer \u00e0 l&#8217;APELM et m&#8217;engage \u00e0 verser ma cotisation sur le compte indiqu\u00e9 ci-dessus.<\/label><\/li><\/ul><\/fieldset><\/div><div id=\"wpforms-180-field_3-container\" class=\"wpforms-field wpforms-field-textarea\" data-field-id=\"3\"><label class=\"wpforms-field-label\" for=\"wpforms-180-field_3\">Message particulier<\/label><textarea id=\"wpforms-180-field_3\" class=\"wpforms-field-medium\" name=\"wpforms[fields][3]\" aria-errormessage=\"wpforms-180-field_3-error\" ><\/textarea><\/div><script>\n\t\t\t\t( function() {\n\t\t\t\t\tconst style = document.createElement( 'style' );\n\t\t\t\t\tstyle.appendChild( document.createTextNode( '#wpforms-180-field_9-container { position: absolute !important; overflow: hidden !important; display: inline !important; height: 1px !important; width: 1px !important; z-index: -1000 !important; padding: 0 !important; } #wpforms-180-field_9-container input { visibility: hidden; } #wpforms-conversational-form-page #wpforms-180-field_9-container label { counter-increment: none; }' ) );\n\t\t\t\t\tdocument.head.appendChild( style );\n\t\t\t\t\tdocument.currentScript?.remove();\n\t\t\t\t} )();\n\t\t\t<\/script><\/div><!-- .wpforms-field-container --><div class=\"wpforms-submit-container\" ><input type=\"hidden\" name=\"wpforms[id]\" value=\"180\"><input type=\"hidden\" name=\"page_title\" value=\"\"><input type=\"hidden\" name=\"page_url\" value=\"https:\/\/apelmunich.org\/index.php?rest_route=\/wp\/v2\/pages\/183\"><input type=\"hidden\" name=\"url_referer\" value=\"\"><button type=\"submit\" name=\"wpforms[submit]\" id=\"wpforms-submit-180\" class=\"wpforms-submit\" data-alt-text=\"Envoi...\" data-submit-text=\"Envoyer\" aria-live=\"assertive\" value=\"wpforms-submit\">Envoyer<\/button><img decoding=\"async\" src=\"https:\/\/apelmunich.org\/wp-content\/plugins\/wpforms-lite\/assets\/images\/submit-spin.svg\" class=\"wpforms-submit-spinner\" style=\"display: none;\" width=\"26\" height=\"26\" alt=\"Chargement en cours\"><\/div><\/form><\/div>  <!-- .wpforms-container -->\n\n\n<p><\/p>\n","protected":false},"excerpt":{"rendered":"<p>Vous souhaitez soutenir nos actions au sein du Lyc\u00e9e Jean Renoir en adh\u00e9rant \u00e0 l&#8217;APELM ! Pour l&#8217;ann\u00e9e scolaire 2025-2026, le montant des cotisations s&#8217;\u00e9l\u00e8ve \u00e0&nbsp;15\u20ac&nbsp;(une adh\u00e9sion par famille et par ann\u00e9e scolaire, non renouvelable automatiquement). Contactez-nous par mail si vous avez des difficult\u00e9s financi\u00e8res mais souhaitez n\u00e9anmoins \u00eatre adh\u00e9rent! Merci de bien vouloir remplir&hellip; <br \/> <a class=\"read-more\" href=\"https:\/\/apelmunich.org\/?page_id=183\">Lire la suite<\/a><\/p>\n","protected":false},"author":2,"featured_media":0,"parent":0,"menu_order":0,"comment_status":"closed","ping_status":"closed","template":"","meta":{"footnotes":""},"class_list":["post-183","page","type-page","status-publish","hentry"],"_links":{"self":[{"href":"https:\/\/apelmunich.org\/index.php?rest_route=\/wp\/v2\/pages\/183","targetHints":{"allow":["GET"]}}],"collection":[{"href":"https:\/\/apelmunich.org\/index.php?rest_route=\/wp\/v2\/pages"}],"about":[{"href":"https:\/\/apelmunich.org\/index.php?rest_route=\/wp\/v2\/types\/page"}],"author":[{"embeddable":true,"href":"https:\/\/apelmunich.org\/index.php?rest_route=\/wp\/v2\/users\/2"}],"replies":[{"embeddable":true,"href":"https:\/\/apelmunich.org\/index.php?rest_route=%2Fwp%2Fv2%2Fcomments&post=183"}],"version-history":[{"count":43,"href":"https:\/\/apelmunich.org\/index.php?rest_route=\/wp\/v2\/pages\/183\/revisions"}],"predecessor-version":[{"id":1807,"href":"https:\/\/apelmunich.org\/index.php?rest_route=\/wp\/v2\/pages\/183\/revisions\/1807"}],"wp:attachment":[{"href":"https:\/\/apelmunich.org\/index.php?rest_route=%2Fwp%2Fv2%2Fmedia&parent=183"}],"curies":[{"name":"wp","href":"https:\/\/api.w.org\/{rel}","templated":true}]}}