{"id":28,"date":"2025-04-23T07:34:44","date_gmt":"2025-04-23T07:34:44","guid":{"rendered":"https:\/\/apelmunich.org\/?page_id=28"},"modified":"2026-04-14T11:50:38","modified_gmt":"2026-04-14T10:50:38","slug":"mesmerize","status":"publish","type":"page","link":"https:\/\/apelmunich.org\/","title":{"rendered":"Accueil"},"content":{"rendered":"<div  data-label=\"Overlappable\" data-id=\"overlappable--1\" data-export-id=\"overlappable-4\" data-category=\"overlappable\" class=\"overlappable-4 content-section content-section-spacing\" data-overlap=\"true\" id=\"overlappable-1\" style=\"background-color: rgb(245, 250, 253); background-image: none;\"><div  class=\"gridContainer\"> <div  data-type=\"row\" class=\"row spaced-cols text-center\"><div  class=\"col-xs-12 col-sm-4 col-padding col-md-4 \"> <a  data-cp-link=\"1\" href=\"https:\/\/apelmunich.org?page_id=436\" target=\"_blank\" class=\"\"><i  class=\"fa icon shadow-large-black aligncenter color1 fa-user-circle-o reverse round large\"><\/i><\/a> <div  data-type=\"column\" class=\"\"> <h5  class=\"\">Pr\u00e9sentation<br >de l\u00b4APELM<\/h5> <\/div> <\/div> <div  class=\"col-xs-12 col-sm-4 col-padding col-md-4 \"> <i  class=\"fa icon shadow-large-black aligncenter color1 fa-group reverse round large\"><\/i> <div  data-type=\"column\" class=\"\"><h5  class=\"\">Organigramme<\/h5> <p  class=\"\">En travaux<\/p><\/div> <\/div> <div  class=\"col-xs-12 col-sm-4 col-padding col-md-4 \"> <a  data-cp-link=\"1\" href=\"https:\/\/apelmunich.org\/wp-content\/uploads\/2025\/05\/Statuts-APELM-Oct2024-officiel.pdf\" target=\"_blank\" class=\"\"><i  class=\"fa icon shadow-large-black aligncenter color1 fa-graduation-cap reverse round large\"><\/i><\/a> <div  data-type=\"column\" class=\"\"><h5  class=\"\">Statut de \n<br >l\u00b4association<\/h5> <\/div> <\/div><\/div> <\/div><\/div><div  id=\"latest-news-1\" style=\"background-color: #f5fafd;\" data-label=\"Latest-news\" data-id=\"blog-section\" data-export-id=\"blog-section\" data-category=\"latest_news\" class=\"blog-section blog-section-standard content-section content-section-spacing\"><div  class=\"gridContainer\"> <div  class=\"row\"><div  data-type=\"column\" class=\"section-title-col\"> <h2  class=\"\">Actualit\u00e9s<\/h2> <\/div> <\/div> <div  class=\"row\"> <div  data-type=\"row\" data-dynamic-columns=\"handled\" data-content-shortcode=\"mesmerize_latest_news columns=&quot;4&quot; \">\t\t<div class=\"row center-sm content-left-sm\">\n\t\t\t\t\t<div id=\"post-2081\" class=\"col-sm-6 col-md-4 space-bottom space-bottom-xs\">\n\t\t\t\t<div class=\"post-content card y-move bordered\">\n\t\t\t\t\t<div class=\"post-thumbnail\">\n   <a href=\"https:\/\/apelmunich.org\/?p=2081\" class=\"post-list-item-thumb \">\n      <img fetchpriority=\"high\" decoding=\"async\" width=\"1024\" height=\"1447\" src=\"https:\/\/apelmunich.org\/wp-content\/uploads\/2026\/04\/affiche-programme-dys-2026_page-0001-1024x1447.jpg\" class=\"attachment-post-thumbnail size-post-thumbnail wp-post-image\" alt=\"\" srcset=\"https:\/\/apelmunich.org\/wp-content\/uploads\/2026\/04\/affiche-programme-dys-2026_page-0001-1024x1447.jpg 1024w, https:\/\/apelmunich.org\/wp-content\/uploads\/2026\/04\/affiche-programme-dys-2026_page-0001-212x300.jpg 212w, https:\/\/apelmunich.org\/wp-content\/uploads\/2026\/04\/affiche-programme-dys-2026_page-0001-725x1024.jpg 725w, https:\/\/apelmunich.org\/wp-content\/uploads\/2026\/04\/affiche-programme-dys-2026_page-0001-768x1085.jpg 768w, https:\/\/apelmunich.org\/wp-content\/uploads\/2026\/04\/affiche-programme-dys-2026_page-0001-1087x1536.jpg 1087w, https:\/\/apelmunich.org\/wp-content\/uploads\/2026\/04\/affiche-programme-dys-2026_page-0001-764x1080.jpg 764w, https:\/\/apelmunich.org\/wp-content\/uploads\/2026\/04\/affiche-programme-dys-2026_page-0001.jpg 1241w\" sizes=\"(max-width: 1024px) 100vw, 1024px\" \/>   <\/a>\n<\/div>\n\t\t\t\t\t<div class=\"col-padding col-padding-xs\">\n\t\t\t\t\t\t<h3 class=\"post-title space-bottom-small\">\n\t\t\t\t\t\t\t<a href=\"https:\/\/apelmunich.org\/?p=2081\" rel=\"bookmark\">\n\t\t\t\t\t\t\t\t12e Journ\u00e9e des DYS \u00e0 MUNICH &#8211; Sp\u00e9ciale TDAH\t\t\t\t\t\t\t<\/a>\n\t\t\t\t\t\t<\/h3>\n\t\t\t\t\t\t<p>Conf\u00e9rences gratuites consacr\u00e9 aux TDAH \u00e0 l\u00b4institut Francais le 18 avril 2026<\/p>\n\t\t\t\t\t\t<a class=\"read-more link\" href=\"https:\/\/apelmunich.org\/?p=2081\">\n\t\t\t\t\t\t\tRead more\t\t\t\t\t\t<\/a>\n\t\t\t\t\t<\/div>\n\t\t\t\t<\/div>\n\t\t\t<\/div>\n\t\t\t\t\t\t<div id=\"post-2036\" class=\"col-sm-6 col-md-4 space-bottom space-bottom-xs\">\n\t\t\t\t<div class=\"post-content card y-move bordered\">\n\t\t\t\t\t<div class=\"post-thumbnail\">\n   <a href=\"https:\/\/apelmunich.org\/?p=2036\" class=\"post-list-item-thumb \">\n      <img decoding=\"async\" width=\"1024\" height=\"1024\" src=\"https:\/\/apelmunich.org\/wp-content\/uploads\/2026\/03\/Soiree_Oral_BREVET_Terminales_page-0001-1024x1024.jpg\" class=\"attachment-post-thumbnail size-post-thumbnail wp-post-image\" alt=\"\" srcset=\"https:\/\/apelmunich.org\/wp-content\/uploads\/2026\/03\/Soiree_Oral_BREVET_Terminales_page-0001-1024x1024.jpg 1024w, https:\/\/apelmunich.org\/wp-content\/uploads\/2026\/03\/Soiree_Oral_BREVET_Terminales_page-0001-300x300.jpg 300w, https:\/\/apelmunich.org\/wp-content\/uploads\/2026\/03\/Soiree_Oral_BREVET_Terminales_page-0001-150x150.jpg 150w, https:\/\/apelmunich.org\/wp-content\/uploads\/2026\/03\/Soiree_Oral_BREVET_Terminales_page-0001-768x768.jpg 768w, https:\/\/apelmunich.org\/wp-content\/uploads\/2026\/03\/Soiree_Oral_BREVET_Terminales_page-0001-1536x1536.jpg 1536w, https:\/\/apelmunich.org\/wp-content\/uploads\/2026\/03\/Soiree_Oral_BREVET_Terminales_page-0001-1080x1080.jpg 1080w, https:\/\/apelmunich.org\/wp-content\/uploads\/2026\/03\/Soiree_Oral_BREVET_Terminales_page-0001.jpg 1688w\" sizes=\"(max-width: 1024px) 100vw, 1024px\" \/>   <\/a>\n<\/div>\n\t\t\t\t\t<div class=\"col-padding col-padding-xs\">\n\t\t\t\t\t\t<h3 class=\"post-title space-bottom-small\">\n\t\t\t\t\t\t\t<a href=\"https:\/\/apelmunich.org\/?p=2036\" rel=\"bookmark\">\n\t\t\t\t\t\t\t\tPr\u00e9paration au grand oral pour les terminales les 15 et 16 avril 2026\t\t\t\t\t\t\t<\/a>\n\t\t\t\t\t\t<\/h3>\n\t\t\t\t\t\t<p>Le lien pour les inscriptions vous est communiqu\u00e9 par vos d\u00e9l\u00e9gu\u00e9s<\/p>\n\t\t\t\t\t\t<a class=\"read-more link\" href=\"https:\/\/apelmunich.org\/?p=2036\">\n\t\t\t\t\t\t\tRead more\t\t\t\t\t\t<\/a>\n\t\t\t\t\t<\/div>\n\t\t\t\t<\/div>\n\t\t\t<\/div>\n\t\t\t\t\t\t<div id=\"post-2028\" class=\"col-sm-6 col-md-4 space-bottom space-bottom-xs\">\n\t\t\t\t<div class=\"post-content card y-move bordered\">\n\t\t\t\t\t<div class=\"post-thumbnail\">\n   <a href=\"https:\/\/apelmunich.org\/?p=2028\" class=\"post-list-item-thumb \">\n      <img decoding=\"async\" width=\"1024\" height=\"1024\" src=\"https:\/\/apelmunich.org\/wp-content\/uploads\/2026\/03\/Soir\u251c\u00aee_Oral_BREVET_3eme-images-0-1024x1024.jpg\" class=\"attachment-post-thumbnail size-post-thumbnail wp-post-image\" alt=\"\" srcset=\"https:\/\/apelmunich.org\/wp-content\/uploads\/2026\/03\/Soir\u251c\u00aee_Oral_BREVET_3eme-images-0-1024x1024.jpg 1024w, https:\/\/apelmunich.org\/wp-content\/uploads\/2026\/03\/Soir\u251c\u00aee_Oral_BREVET_3eme-images-0-300x300.jpg 300w, https:\/\/apelmunich.org\/wp-content\/uploads\/2026\/03\/Soir\u251c\u00aee_Oral_BREVET_3eme-images-0-150x150.jpg 150w, https:\/\/apelmunich.org\/wp-content\/uploads\/2026\/03\/Soir\u251c\u00aee_Oral_BREVET_3eme-images-0-768x768.jpg 768w, https:\/\/apelmunich.org\/wp-content\/uploads\/2026\/03\/Soir\u251c\u00aee_Oral_BREVET_3eme-images-0-1536x1536.jpg 1536w, https:\/\/apelmunich.org\/wp-content\/uploads\/2026\/03\/Soir\u251c\u00aee_Oral_BREVET_3eme-images-0-2048x2048.jpg 2048w, https:\/\/apelmunich.org\/wp-content\/uploads\/2026\/03\/Soir\u251c\u00aee_Oral_BREVET_3eme-images-0-1080x1080.jpg 1080w\" sizes=\"(max-width: 1024px) 100vw, 1024px\" \/>   <\/a>\n<\/div>\n\t\t\t\t\t<div class=\"col-padding col-padding-xs\">\n\t\t\t\t\t\t<h3 class=\"post-title space-bottom-small\">\n\t\t\t\t\t\t\t<a href=\"https:\/\/apelmunich.org\/?p=2028\" rel=\"bookmark\">\n\t\t\t\t\t\t\t\tPr\u00e9paration \u00e0 l\u00b4oral du brevet pour les 3e les 23 et 24 avril 2026\t\t\t\t\t\t\t<\/a>\n\t\t\t\t\t\t<\/h3>\n\t\t\t\t\t\t<p>Le lien pour les inscriptions vous est communiqu\u00e9 par vos d\u00e9l\u00e9gu\u00e9s<\/p>\n\t\t\t\t\t\t<a class=\"read-more link\" href=\"https:\/\/apelmunich.org\/?p=2028\">\n\t\t\t\t\t\t\tRead more\t\t\t\t\t\t<\/a>\n\t\t\t\t\t<\/div>\n\t\t\t\t<\/div>\n\t\t\t<\/div>\n\t\t\t\t<\/div>\n\t<\/div><\/div> <div  class=\"row\"><div  class=\"text-center\"> <a  class=\"button color1\" data-attr-shortcode=\"href:mesmerize_blog_link\" href=\"https:\/\/apelmunich.org\/?page_id=29\">Voir toutes les actualit\u00e9s<\/a><\/div> <\/div><\/div><\/div><div  id=\"contact-1\" data-label=\"Contact\" data-id=\"contact-1\" data-export-id=\"contact-1\" data-category=\"contact\" class=\"contact-1 content-section content-section-spacing white-text\" data-parallax-depth=\"20\" style=\"background-image: url(&quot;https:\/\/apelmunich.org\/wp-content\/uploads\/2025\/04\/Contact1-scaled-1.jpg&quot;); background-size: cover; background-position: center top;\"><div  class=\"gridContainer\"> <div  class=\"row text-center\"><div  class=\"section-title-col\" data-type=\"column\"> <h2  class=\"\">Contactez-nous<\/h2> <p  class=\"lead\"><\/p><\/div> <\/div> <div  class=\"row text-center\"> <div  class=\"col-xs-12 col-sm-8 col-sm-offset-2 contact-form-wrapper inline-info\"> <div  class=\"card large-padding\"> <div  class=\"\" data-content-shortcode=\"mesmerize_contact_form shortcode=&quot;wpforms id=&amp;amp;quot;175&amp;amp;quot;&quot;\" data-editable=\"true\"><style id=\"wpforms-css-vars-175\">\n\t\t\t\t#wpforms-175 {\n\t\t\t\t--wpforms-container-padding: 0px;\n--wpforms-container-border-width: 1px;\n--wpforms-container-border-radius: 3px;\n--wpforms-background-color: rgba(0, 0, 0, 0);\n--wpforms-field-size-input-height: 43px;\n--wpforms-field-size-input-spacing: 15px;\n--wpforms-field-size-font-size: 16px;\n--wpforms-field-size-line-height: 19px;\n--wpforms-field-size-padding-h: 14px;\n--wpforms-field-size-checkbox-size: 16px;\n--wpforms-field-size-sublabel-spacing: 5px;\n--wpforms-field-size-icon-size: 1;\n--wpforms-label-size-font-size: 16px;\n--wpforms-label-size-line-height: 19px;\n--wpforms-label-size-sublabel-font-size: 14px;\n--wpforms-label-size-sublabel-line-height: 17px;\n--wpforms-button-size-font-size: 17px;\n--wpforms-button-size-height: 41px;\n--wpforms-button-size-padding-h: 15px;\n--wpforms-button-size-margin-top: 10px;\n--wpforms-container-shadow-size-box-shadow: none;\n\t\t\t}\n\t\t\t<\/style><div class=\"wpforms-container wpforms-container-full wpforms-render-modern\" id=\"wpforms-175\"><form id=\"wpforms-form-175\" class=\"wpforms-validate wpforms-form wpforms-ajax-form\" data-formid=\"175\" method=\"post\" enctype=\"multipart\/form-data\" action=\"\/index.php?rest_route=%2Fwp%2Fv2%2Fpages%2F28\" data-token=\"b9d380355b67568790b27155e7370f2b\" data-token-time=\"1777335281\"><noscript class=\"wpforms-error-noscript\">Veuillez activer JavaScript dans votre navigateur pour remplir ce formulaire.<\/noscript><div id=\"wpforms-error-noscript\" style=\"display: none;\">Veuillez activer JavaScript dans votre navigateur pour remplir ce formulaire.<\/div><div class=\"wpforms-field-container\">\t\t<div id=\"wpforms-175-field_4-container\"\n\t\t\tclass=\"wpforms-field wpforms-field-text\"\n\t\t\tdata-field-type=\"text\"\n\t\t\tdata-field-id=\"4\"\n\t\t\t>\n\t\t\t<label class=\"wpforms-field-label\" for=\"wpforms-175-field_4\" >E-mail Nom Message<\/label>\n\t\t\t<input type=\"text\" id=\"wpforms-175-field_4\" class=\"wpforms-field-medium\" name=\"wpforms[fields][4]\" >\n\t\t<\/div>\n\t\t<div id=\"wpforms-175-field_1-container\" class=\"wpforms-field wpforms-field-name\" data-field-id=\"1\"><fieldset><legend class=\"wpforms-field-label\">Nom <span class=\"wpforms-required-label\" aria-hidden=\"true\">*<\/span><\/legend><div class=\"wpforms-field-row wpforms-field-medium\"><div class=\"wpforms-field-row-block wpforms-first wpforms-one-half\"><input type=\"text\" id=\"wpforms-175-field_1\" class=\"wpforms-field-name-first wpforms-field-required\" name=\"wpforms[fields][1][first]\" aria-errormessage=\"wpforms-175-field_1-error\" required><label for=\"wpforms-175-field_1\" class=\"wpforms-field-sublabel after\">Pr\u00e9nom<\/label><\/div><div class=\"wpforms-field-row-block wpforms-one-half\"><input type=\"text\" id=\"wpforms-175-field_1-last\" class=\"wpforms-field-name-last wpforms-field-required\" name=\"wpforms[fields][1][last]\" aria-errormessage=\"wpforms-175-field_1-last-error\" required><label for=\"wpforms-175-field_1-last\" class=\"wpforms-field-sublabel after\">Nom<\/label><\/div><\/div><\/fieldset><\/div><div id=\"wpforms-175-field_2-container\" class=\"wpforms-field wpforms-field-email\" data-field-id=\"2\"><label class=\"wpforms-field-label\" for=\"wpforms-175-field_2\">E-mail <span class=\"wpforms-required-label\" aria-hidden=\"true\">*<\/span><\/label><input type=\"email\" id=\"wpforms-175-field_2\" class=\"wpforms-field-medium wpforms-field-required\" name=\"wpforms[fields][2]\" spellcheck=\"false\" aria-errormessage=\"wpforms-175-field_2-error\" required><\/div><div id=\"wpforms-175-field_3-container\" class=\"wpforms-field wpforms-field-textarea\" data-field-id=\"3\"><label class=\"wpforms-field-label\" for=\"wpforms-175-field_3\">Message<\/label><textarea id=\"wpforms-175-field_3\" class=\"wpforms-field-medium\" name=\"wpforms[fields][3]\" aria-errormessage=\"wpforms-175-field_3-error\" ><\/textarea><\/div><script>\n\t\t\t\t( function() {\n\t\t\t\t\tconst style = document.createElement( 'style' );\n\t\t\t\t\tstyle.appendChild( document.createTextNode( '#wpforms-175-field_4-container { position: absolute !important; overflow: hidden !important; display: inline !important; height: 1px !important; width: 1px !important; z-index: -1000 !important; padding: 0 !important; } #wpforms-175-field_4-container input { visibility: hidden; } #wpforms-conversational-form-page #wpforms-175-field_4-container label { counter-increment: none; }' ) );\n\t\t\t\t\tdocument.head.appendChild( style );\n\t\t\t\t\tdocument.currentScript?.remove();\n\t\t\t\t} )();\n\t\t\t<\/script><\/div><!-- .wpforms-field-container --><div class=\"wpforms-submit-container\" ><input type=\"hidden\" name=\"wpforms[id]\" value=\"175\"><input type=\"hidden\" name=\"page_title\" value=\"\"><input type=\"hidden\" name=\"page_url\" value=\"https:\/\/apelmunich.org\/index.php?rest_route=\/wp\/v2\/pages\/28\"><input type=\"hidden\" name=\"url_referer\" value=\"\"><button type=\"submit\" name=\"wpforms[submit]\" id=\"wpforms-submit-175\" class=\"wpforms-submit\" data-alt-text=\"Envoi...\" data-submit-text=\"Envoyer\" aria-live=\"assertive\" value=\"wpforms-submit\">Envoyer<\/button><img loading=\"lazy\" decoding=\"async\" src=\"https:\/\/apelmunich.org\/wp-content\/plugins\/wpforms-lite\/assets\/images\/submit-spin.svg\" class=\"wpforms-submit-spinner\" style=\"display: none;\" width=\"26\" height=\"26\" alt=\"Chargement en cours\"><\/div><\/form><\/div>  <!-- .wpforms-container --><\/div><\/div> <\/div><\/div> <\/div><\/div><div  data-label=\"Content\" data-id=\"content--1\" data-export-id=\"content-12\" data-category=\"content\" class=\"content-12 content-section content-section-spacing\" id=\"content-1\" style=\"background-color: rgb(255, 255, 255); background-image: none;\"><div  class=\"gridContainer\"> <div  class=\"row text-center\"><div  class=\"section-title-col\" data-type=\"column\"><a  class=\"button blue\" href=\"https:\/\/apelmunich.org?page_id=1320\" target=\"_blank\" data-cp-link=\"1\">Mentions l\u00e9gales<\/a>  <\/div> <\/div> <div  class=\"row center-xs middle-xs\"> <div  class=\"col-sm-9\" data-type=\"column\"> <\/div> <\/div><\/div> <\/div>","protected":false},"excerpt":{"rendered":"<p>Pr\u00e9sentationde l\u00b4APELM Organigramme En travaux Statut de l\u00b4association Actualit\u00e9s Voir toutes les actualit\u00e9s Contactez-nous Mentions l\u00e9gales<\/p>\n","protected":false},"author":2,"featured_media":0,"parent":0,"menu_order":0,"comment_status":"closed","ping_status":"closed","template":"page-templates\/homepage.php","meta":{"footnotes":""},"class_list":["post-28","page","type-page","status-publish","hentry"],"_links":{"self":[{"href":"https:\/\/apelmunich.org\/index.php?rest_route=\/wp\/v2\/pages\/28","targetHints":{"allow":["GET"]}}],"collection":[{"href":"https:\/\/apelmunich.org\/index.php?rest_route=\/wp\/v2\/pages"}],"about":[{"href":"https:\/\/apelmunich.org\/index.php?rest_route=\/wp\/v2\/types\/page"}],"author":[{"embeddable":true,"href":"https:\/\/apelmunich.org\/index.php?rest_route=\/wp\/v2\/users\/2"}],"replies":[{"embeddable":true,"href":"https:\/\/apelmunich.org\/index.php?rest_route=%2Fwp%2Fv2%2Fcomments&post=28"}],"version-history":[{"count":31,"href":"https:\/\/apelmunich.org\/index.php?rest_route=\/wp\/v2\/pages\/28\/revisions"}],"predecessor-version":[{"id":1898,"href":"https:\/\/apelmunich.org\/index.php?rest_route=\/wp\/v2\/pages\/28\/revisions\/1898"}],"wp:attachment":[{"href":"https:\/\/apelmunich.org\/index.php?rest_route=%2Fwp%2Fv2%2Fmedia&parent=28"}],"curies":[{"name":"wp","href":"https:\/\/api.w.org\/{rel}","templated":true}]}}