{"id":368,"date":"2025-05-06T12:21:35","date_gmt":"2025-05-06T10:21:35","guid":{"rendered":"https:\/\/apelmunich.org\/?page_id=368"},"modified":"2026-02-05T21:38:56","modified_gmt":"2026-02-05T20:38:56","slug":"livres-scolaires","status":"publish","type":"page","link":"https:\/\/apelmunich.org\/?page_id=368","title":{"rendered":"Achat des manuels scolaires"},"content":{"rendered":"\n<h2 class=\"wp-block-heading\">Manuels scolaires<\/h2>\n\n\n\n<hr class=\"wp-block-separator has-alpha-channel-opacity\"\/>\n\n\n\n<div class=\"wp-block-media-text is-stacked-on-mobile\" style=\"grid-template-columns:40% auto\"><figure class=\"wp-block-media-text__media\"><img fetchpriority=\"high\" decoding=\"async\" width=\"512\" height=\"512\" src=\"https:\/\/apelmunich.org\/wp-content\/uploads\/2025\/05\/Manuels-3.png\" alt=\"\" class=\"wp-image-1295 size-full\" srcset=\"https:\/\/apelmunich.org\/wp-content\/uploads\/2025\/05\/Manuels-3.png 512w, https:\/\/apelmunich.org\/wp-content\/uploads\/2025\/05\/Manuels-3-300x300.png 300w, https:\/\/apelmunich.org\/wp-content\/uploads\/2025\/05\/Manuels-3-150x150.png 150w\" sizes=\"(max-width: 512px) 100vw, 512px\" \/><\/figure><div class=\"wp-block-media-text__content\">\n<p><\/p>\n\n\n\n<p>Nous vous offrons les possibilit\u00e9s suivantes:<\/p>\n<ul>\n<li>Pour vendre ou acheter des\u00a0<strong>manuels d&#8217;occasion<\/strong>\u00a0(voir\u00a0<a href=\"https:\/\/apelmunich.org\/?page_id=1029\" target=\"_blank\" rel=\"noopener\">liste<\/a>)<strong>:\u00a0<\/strong>\u00a0la bourse aux livres dans les locaux du Lyc\u00e9e\u00a0a Sendling ainsi que notre bourse aux livres en ligne\u00a0:<strong>\u00a0<a href=\"http:\/\/bourseauxlivres.apelmunich.org\/\" target=\"_blank\" rel=\"noopener\">https:\/\/bourseauxlivres.apelmunich.org\/<\/a>\u00a0(voir\u00a0<a href=\"http:\/\/bourseauxlivres.apelmunich.org\/files\/serve\/6\" target=\"_blank\" rel=\"noopener\">mode d&#8217;emploi<\/a>)<\/strong><\/li>\n<\/ul>\n<p>La bourse aux livres en ligne sera mise \u00e0 jour avec les manuels pour <span style=\"color: #ff0000;\">l\u00b4ann\u00e9e scolaire 2025-2026 d\u00b4ici \u00e0 la mi-juin<\/span><span style=\"font-size: revert; color: initial;\">. <\/span><span style=\"font-size: revert; color: initial;\">L\u00b4information vous sera communiqu\u00e9e \u00e0 ce moment-l\u00e0.<\/span><\/p>\n<p><strong><u>ATTENTION<\/u>:\u00a0<\/strong><\/p>\n<p>Sur cette nouvelle plateforme \u00e9galement, les offres seront post\u00e9es directement, sans contr\u00f4le de notre part.<\/p>\n<p>Les VENDEURS\u00a0<u>et<\/u>\u00a0ACHETEURS sont pri\u00e9s de v\u00e9rifier l\u2019actualit\u00e9 des livres qu\u2019ils vendent\/ach\u00e8tent.<\/p>\n<p>La r\u00e9f\u00e9rence officielle est la liste publi\u00e9e par le lyc\u00e9e. La liste des livres d&#8217;occasion avec indication des prix selon l&#8217;\u00e9tat est fournie \u00e0 titre gracieux et gr\u00e2ce au travail b\u00e9n\u00e9vole des adh\u00e9rents.\u00a0<\/p>\n<p>L\u2019APELM d\u00e9cline toute responsabilit\u00e9 concernant l\u2019achat de manuels \/ livres obsol\u00e8tes.\u00a0<\/p>\n<ul>\n<li>Pour acheter des\u00a0<strong>manuels scolaires neufs,<\/strong>\u00a0profitez de notre partenariat avec la librairie\u00a0<a href=\"https:\/\/apelmunich.org\/?page_id=1223\" target=\"_blank\" rel=\"noopener\"><strong>LDE<\/strong><\/a>\u00a0<\/li>\n<\/ul>\n<div>\u00a0<\/div>\n<\/div><\/div>\n\n\n\n<hr class=\"wp-block-separator has-alpha-channel-opacity\"\/>\n\n\n\n<div style=\"height:49px\" aria-hidden=\"true\" class=\"wp-block-spacer\"><\/div>\n\n\n<h3><strong>FOURNITURES SCOLAIRES. les conseils de nos adh\u00e9rents&#8230;<\/strong><\/h3>\n<p><strong>Bogenhauser Schreibwaren<\/strong><\/p>\n<p><strong>Ismaningerstr. 77<\/strong><\/p>\n<p><strong>81675 M\u00fcnchen<\/strong><\/p>\n<p><a href=\"http:\/\/www.bogenhauser-schreibwaren.de\/\" target=\"_blank\" rel=\"noopener\"><strong>www.bogenhauser-schreibwaren.de<\/strong><\/a><\/p>\n\n\n<p><\/p>\n","protected":false},"excerpt":{"rendered":"<p>Manuels scolaires Nous vous offrons les possibilit\u00e9s suivantes: Pour vendre ou acheter des\u00a0manuels d&#8217;occasion\u00a0(voir\u00a0liste):\u00a0\u00a0la bourse aux livres dans les locaux du Lyc\u00e9e\u00a0a Sendling ainsi que notre bourse aux livres en ligne\u00a0:\u00a0https:\/\/bourseauxlivres.apelmunich.org\/\u00a0(voir\u00a0mode d&#8217;emploi) La bourse aux livres en ligne sera mise \u00e0 jour avec les manuels pour l\u00b4ann\u00e9e scolaire 2025-2026 d\u00b4ici \u00e0 la mi-juin. L\u00b4information vous&hellip; <br \/> <a class=\"read-more\" href=\"https:\/\/apelmunich.org\/?page_id=368\">Lire la suite<\/a><\/p>\n","protected":false},"author":2,"featured_media":0,"parent":0,"menu_order":0,"comment_status":"closed","ping_status":"closed","template":"","meta":{"footnotes":""},"class_list":["post-368","page","type-page","status-publish","hentry"],"_links":{"self":[{"href":"https:\/\/apelmunich.org\/index.php?rest_route=\/wp\/v2\/pages\/368","targetHints":{"allow":["GET"]}}],"collection":[{"href":"https:\/\/apelmunich.org\/index.php?rest_route=\/wp\/v2\/pages"}],"about":[{"href":"https:\/\/apelmunich.org\/index.php?rest_route=\/wp\/v2\/types\/page"}],"author":[{"embeddable":true,"href":"https:\/\/apelmunich.org\/index.php?rest_route=\/wp\/v2\/users\/2"}],"replies":[{"embeddable":true,"href":"https:\/\/apelmunich.org\/index.php?rest_route=%2Fwp%2Fv2%2Fcomments&post=368"}],"version-history":[{"count":26,"href":"https:\/\/apelmunich.org\/index.php?rest_route=\/wp\/v2\/pages\/368\/revisions"}],"predecessor-version":[{"id":1933,"href":"https:\/\/apelmunich.org\/index.php?rest_route=\/wp\/v2\/pages\/368\/revisions\/1933"}],"wp:attachment":[{"href":"https:\/\/apelmunich.org\/index.php?rest_route=%2Fwp%2Fv2%2Fmedia&parent=368"}],"curies":[{"name":"wp","href":"https:\/\/api.w.org\/{rel}","templated":true}]}}