{"id":377,"date":"2025-05-06T12:23:53","date_gmt":"2025-05-06T10:23:53","guid":{"rendered":"https:\/\/apelmunich.org\/?page_id=377"},"modified":"2026-02-05T21:51:30","modified_gmt":"2026-02-05T20:51:30","slug":"outils","status":"publish","type":"page","link":"https:\/\/apelmunich.org\/?page_id=377","title":{"rendered":"Outils"},"content":{"rendered":"<h2><span style=\"color: #1980c2;\">OUTILS pour la PREPARATION DES CDC ET COMPTE-RENDUS<\/span><\/h2>\n<p><span style=\"color: #000000;\">Nous vous proposons ici des lettres \/ formulaires-type \u00e0 adapter destin\u00e9s \u00e0 vous faciliter la vie<\/span><\/p>\n<p><span style=\"color: #000000;\">Faites-nous part de vos suggestions d&#8217;am\u00e9lioration et de vos besoins!<\/span><\/p>\n\n\n<div style=\"height:48px\" aria-hidden=\"true\" class=\"wp-block-spacer\"><\/div>\n\n\n\n<div class=\"wp-block-columns is-layout-flex wp-container-core-columns-is-layout-9d6595d7 wp-block-columns-is-layout-flex\">\n<div class=\"wp-block-column is-layout-flow wp-block-column-is-layout-flow\" style=\"flex-basis:33.33%\">\n<div class=\"wp-block-buttons is-content-justification-center is-layout-flex wp-container-core-buttons-is-layout-16018d1d wp-block-buttons-is-layout-flex\">\n<div class=\"wp-block-button ombre\"><a class=\"wp-block-button__link has-background has-text-align-center wp-element-button\" href=\"https:\/\/apelmunich.org\/wp-content\/uploads\/2025\/05\/CONSEIL-DE-CLASSE.docx\" style=\"border-radius:0px;background-color:#1980c2\" target=\"_blank\" rel=\"noreferrer noopener\">Conseil de classe<\/a><\/div>\n<\/div>\n<\/div>\n\n\n\n<div class=\"wp-block-column is-layout-flow wp-block-column-is-layout-flow\" style=\"flex-basis:66.66%\">\n<p><strong>Pr\u00e9parer les CDC au fil de l&#8217;ann\u00e9e &#8211; quelques conseils<\/strong><\/p>\n<\/div>\n<\/div>\n\n\n\n<div style=\"height:40px\" aria-hidden=\"true\" class=\"wp-block-spacer\"><\/div>\n\n\n\n<div class=\"wp-block-columns is-layout-flex wp-container-core-columns-is-layout-9d6595d7 wp-block-columns-is-layout-flex\">\n<div class=\"wp-block-column is-layout-flow wp-block-column-is-layout-flow\" style=\"flex-basis:33.33%\">\n<div class=\"wp-block-buttons is-content-justification-center is-layout-flex wp-container-core-buttons-is-layout-16018d1d wp-block-buttons-is-layout-flex\">\n<div class=\"wp-block-button ombre is-style-fill\"><a class=\"wp-block-button__link has-background wp-element-button\" href=\"https:\/\/apelmunich.org\/wp-content\/uploads\/2025\/05\/Information-et-sondage-des-parents-pre-CDC.docx\" style=\"border-radius:0px;background-color:#1980c2\" target=\"_blank\" rel=\"noreferrer noopener\">Sondage des parents<\/a><\/div>\n<\/div>\n<\/div>\n\n\n\n<div class=\"wp-block-column is-layout-flow wp-block-column-is-layout-flow\" style=\"flex-basis:66.66%\">\n<p><strong>Exemple de mail \u00e0 envoyer aux parents &#8211; support \u00e0 adapter et modifier au fil de l&#8217;ann\u00e9e!<\/strong><\/p>\n<\/div>\n<\/div>\n\n\n\n<div style=\"height:41px\" aria-hidden=\"true\" class=\"wp-block-spacer\"><\/div>\n\n\n\n<div class=\"wp-block-columns is-layout-flex wp-container-core-columns-is-layout-9d6595d7 wp-block-columns-is-layout-flex\">\n<div class=\"wp-block-column is-layout-flow wp-block-column-is-layout-flow\" style=\"flex-basis:33.33%\">\n<div class=\"wp-block-buttons is-content-justification-center is-layout-flex wp-container-core-buttons-is-layout-16018d1d wp-block-buttons-is-layout-flex\">\n<div class=\"wp-block-button ombre\"><a class=\"wp-block-button__link has-background wp-element-button\" href=\"https:\/\/apelmunich.org\/wp-content\/uploads\/2025\/05\/CDC-prise-de-notes-par-eleve-sansFE.xls\" style=\"border-radius:0px;background-color:#1980c2\" target=\"_blank\" rel=\"noreferrer noopener\">Prise de notes<\/a><\/div>\n<\/div>\n<\/div>\n\n\n\n<div class=\"wp-block-column is-layout-flow wp-block-column-is-layout-flow\" style=\"flex-basis:66.66%\">\n<p><strong>Fichier permettant de pr\u00e9parer la prise de note par \u00e9l\u00e8ve lors du conseil de classe<\/strong><\/p>\n<\/div>\n<\/div>\n\n\n\n<div style=\"height:41px\" aria-hidden=\"true\" class=\"wp-block-spacer\"><\/div>\n\n\n\n<div class=\"wp-block-columns is-layout-flex wp-container-core-columns-is-layout-9d6595d7 wp-block-columns-is-layout-flex\">\n<div class=\"wp-block-column is-layout-flow wp-block-column-is-layout-flow\" style=\"flex-basis:33.33%\">\n<div class=\"wp-block-buttons is-content-justification-center is-layout-flex wp-container-core-buttons-is-layout-16018d1d wp-block-buttons-is-layout-flex\">\n<div class=\"wp-block-button ombre\"><a class=\"wp-block-button__link has-background wp-element-button\" href=\"https:\/\/apelmunich.org\/wp-content\/uploads\/2025\/05\/CR-CDC-Exemple-sansFE.doc\" style=\"border-radius:0px;background-color:#1980c2\" target=\"_blank\" rel=\"noreferrer noopener\">Compte-rendu de CDC<\/a><\/div>\n<\/div>\n<\/div>\n\n\n\n<div class=\"wp-block-column is-layout-flow wp-block-column-is-layout-flow\" style=\"flex-basis:66.66%\">\n<p><strong>Un exemple de format de compte-rendu de CDC<\/strong><\/p>\n<\/div>\n<\/div>\n\n\n\n<div style=\"height:61px\" aria-hidden=\"true\" class=\"wp-block-spacer\"><\/div>\n\n\n\n<hr class=\"wp-block-separator has-alpha-channel-opacity\"\/>\n\n\n\n<div style=\"height:64px\" aria-hidden=\"true\" class=\"wp-block-spacer\"><\/div>\n\n\n<h2><span style=\"color: #1980c2;\">FORMATION D\u00c9L\u00c9GU\u00c9S<\/span><\/h2>\n\n\n<p>N&#8217;h\u00e9sitez pas \u00e0 consulter le site de la FAPEE (<a href=\"http:\/\/www.fapee.com\/\" target=\"_blank\" rel=\"noreferrer noopener\">http:\/\/www.fapee.com\/<\/a>) pour toute information compl\u00e9mentaire.<\/p>\n\n\n\n<p>En particulier&nbsp;:<\/p>\n\n\n\n<ul class=\"wp-block-list\">\n<li><a href=\"https:\/\/fr.calameo.com\/read\/00709466165c7dd8bb588\" target=\"_blank\" rel=\"noreferrer noopener\">GUIDE DU PARENT D\u2019\u00c9L\u00c8VE<\/a><\/li>\n<\/ul>\n\n\n\n<div style=\"height:22px\" aria-hidden=\"true\" class=\"wp-block-spacer\"><\/div>\n\n\n\n<hr class=\"wp-block-separator has-alpha-channel-opacity\"\/>\n\n\n\n<div style=\"height:34px\" aria-hidden=\"true\" class=\"wp-block-spacer\"><\/div>\n\n\n<p>Encore un document utile pour une meilleure compr\u00e9hension du fonctionnement de l&#8217;\u00e9tablissement:\u00a0<strong>le r\u00e8glement int\u00e9rieur en vigueur au secondaire du Lyc\u00e9e Jean Renoir<\/strong>:\u00a0<a href=\"https:\/\/www.lycee-jean-renoir.de\/vie-de-letablissement\/vie-de-letablissement-au-secondaire\/reglement-interieur-du-secondaire\/\">R\u00e8glement int\u00e9rieur du secondaire &#8211; Lyc\u00e9e Jean Renoir de Munich (lycee-jean-renoir.de)<\/a><\/p>\n<p>&#8230; Vous pouvez bien s\u00fbr en tant que d\u00e9l\u00e9gu\u00e9 des parents organiser des rencontres et autres activit\u00e9s conviviales entre parents d&#8217;une classe ou d&#8217;un niveau &#8211; pour cela, laissez cours \u00e0 votre cr\u00e9ativit\u00e9! Les parents du secondaire sont en g\u00e9n\u00e9ral moins demandeurs que ceux du primaire, mais cela peut permettre d&#8217;aider les familles arriv\u00e9es r\u00e9cemment \u00e0 Munich ou au Lyc\u00e9e Jean Renoir \u00e0 mieux s&#8217;int\u00e9grer.<\/p>\n\n\n<p><\/p>\n","protected":false},"excerpt":{"rendered":"<p>OUTILS pour la PREPARATION DES CDC ET COMPTE-RENDUS Nous vous proposons ici des lettres \/ formulaires-type \u00e0 adapter destin\u00e9s \u00e0 vous faciliter la vie Faites-nous part de vos suggestions d&#8217;am\u00e9lioration et de vos besoins! Pr\u00e9parer les CDC au fil de l&#8217;ann\u00e9e &#8211; quelques conseils Exemple de mail \u00e0 envoyer aux parents &#8211; support \u00e0 adapter&hellip; <br \/> <a class=\"read-more\" href=\"https:\/\/apelmunich.org\/?page_id=377\">Lire la suite<\/a><\/p>\n","protected":false},"author":2,"featured_media":0,"parent":0,"menu_order":0,"comment_status":"closed","ping_status":"closed","template":"","meta":{"footnotes":""},"class_list":["post-377","page","type-page","status-publish","hentry"],"_links":{"self":[{"href":"https:\/\/apelmunich.org\/index.php?rest_route=\/wp\/v2\/pages\/377","targetHints":{"allow":["GET"]}}],"collection":[{"href":"https:\/\/apelmunich.org\/index.php?rest_route=\/wp\/v2\/pages"}],"about":[{"href":"https:\/\/apelmunich.org\/index.php?rest_route=\/wp\/v2\/types\/page"}],"author":[{"embeddable":true,"href":"https:\/\/apelmunich.org\/index.php?rest_route=\/wp\/v2\/users\/2"}],"replies":[{"embeddable":true,"href":"https:\/\/apelmunich.org\/index.php?rest_route=%2Fwp%2Fv2%2Fcomments&post=377"}],"version-history":[{"count":76,"href":"https:\/\/apelmunich.org\/index.php?rest_route=\/wp\/v2\/pages\/377\/revisions"}],"predecessor-version":[{"id":1938,"href":"https:\/\/apelmunich.org\/index.php?rest_route=\/wp\/v2\/pages\/377\/revisions\/1938"}],"wp:attachment":[{"href":"https:\/\/apelmunich.org\/index.php?rest_route=%2Fwp%2Fv2%2Fmedia&parent=377"}],"curies":[{"name":"wp","href":"https:\/\/api.w.org\/{rel}","templated":true}]}}