{"id":388,"date":"2025-05-06T12:34:03","date_gmt":"2025-05-06T10:34:03","guid":{"rendered":"https:\/\/apelmunich.org\/?page_id=388"},"modified":"2025-06-11T18:52:47","modified_gmt":"2025-06-11T16:52:47","slug":"familles-daccueil","status":"publish","type":"page","link":"https:\/\/apelmunich.org\/?page_id=388","title":{"rendered":"Familles <br>d\u00b4accueil<br>"},"content":{"rendered":"<div class=\"n module-type-header diyfeLiveArea \">\n<h1><span class=\"diyfeDecoration\">Familles d&#8217;accueil ou h\u00e9bergement recherch\u00e9<\/span><\/h1>\n<\/div>\n<div class=\"n module-type-text diyfeLiveArea \">\n<p>\u00a0<\/p>\n<\/div>\n\n\n<hr class=\"wp-block-separator has-alpha-channel-opacity\"\/>\n\n\n\n<div style=\"height:22px\" aria-hidden=\"true\" class=\"wp-block-spacer\"><\/div>\n\n\n<div>Des\u00a0<strong>boursiers d&#8217;excellence<\/strong>\u00a0(lyc\u00e9ens) ont la possibilit\u00e9 de venir passer une ann\u00e9e scolaire au Lyc\u00e9e Jean Renoir. Pour se loger, il leur faut des\u00a0<strong>familles d&#8217;accueil \u00e0 Munich\u00a0<\/strong>!<\/div>\n<div>\n<p>Si vous \u00eates int\u00e9ress\u00e9s pour accueillir un boursier ou si vous recherchez un logement pour un boursier, nous pouvons vous aider \u00e0 vous mettre en contact. \u00c9crivez-nous !<\/p>\n<\/div>","protected":false},"excerpt":{"rendered":"<p>Familles d&#8217;accueil ou h\u00e9bergement recherch\u00e9 \u00a0 Des\u00a0boursiers d&#8217;excellence\u00a0(lyc\u00e9ens) ont la possibilit\u00e9 de venir passer une ann\u00e9e scolaire au Lyc\u00e9e Jean Renoir. Pour se loger, il leur faut des\u00a0familles d&#8217;accueil \u00e0 Munich\u00a0! Si vous \u00eates int\u00e9ress\u00e9s pour accueillir un boursier ou si vous recherchez un logement pour un boursier, nous pouvons vous aider \u00e0 vous mettre&hellip; <br \/> <a class=\"read-more\" href=\"https:\/\/apelmunich.org\/?page_id=388\">Lire la suite<\/a><\/p>\n","protected":false},"author":2,"featured_media":0,"parent":0,"menu_order":0,"comment_status":"closed","ping_status":"closed","template":"","meta":{"footnotes":""},"class_list":["post-388","page","type-page","status-publish","hentry"],"_links":{"self":[{"href":"https:\/\/apelmunich.org\/index.php?rest_route=\/wp\/v2\/pages\/388","targetHints":{"allow":["GET"]}}],"collection":[{"href":"https:\/\/apelmunich.org\/index.php?rest_route=\/wp\/v2\/pages"}],"about":[{"href":"https:\/\/apelmunich.org\/index.php?rest_route=\/wp\/v2\/types\/page"}],"author":[{"embeddable":true,"href":"https:\/\/apelmunich.org\/index.php?rest_route=\/wp\/v2\/users\/2"}],"replies":[{"embeddable":true,"href":"https:\/\/apelmunich.org\/index.php?rest_route=%2Fwp%2Fv2%2Fcomments&post=388"}],"version-history":[{"count":9,"href":"https:\/\/apelmunich.org\/index.php?rest_route=\/wp\/v2\/pages\/388\/revisions"}],"predecessor-version":[{"id":1511,"href":"https:\/\/apelmunich.org\/index.php?rest_route=\/wp\/v2\/pages\/388\/revisions\/1511"}],"wp:attachment":[{"href":"https:\/\/apelmunich.org\/index.php?rest_route=%2Fwp%2Fv2%2Fmedia&parent=388"}],"curies":[{"name":"wp","href":"https:\/\/api.w.org\/{rel}","templated":true}]}}